{"id":39,"date":"2021-03-06T12:31:04","date_gmt":"2021-03-06T11:31:04","guid":{"rendered":"http:\/\/cisteniehrobovsaris.sk\/?page_id=39"},"modified":"2026-01-27T18:18:14","modified_gmt":"2026-01-27T17:18:14","slug":"sluzby","status":"publish","type":"page","link":"https:\/\/cisteniehrobovsaris.sk\/index.php\/sluzby\/","title":{"rendered":"Slu\u017eby"},"content":{"rendered":"\n<div class=\"wp-block-cover alignfull is-light\"><img loading=\"lazy\" decoding=\"async\" width=\"600\" height=\"400\" class=\"wp-block-cover__image-background wp-image-41\" alt=\"\" src=\"http:\/\/cisteniehrobovsaris.sk\/wp-content\/uploads\/2021\/03\/hrob2-1.jpg\" data-object-fit=\"cover\" srcset=\"https:\/\/cisteniehrobovsaris.sk\/wp-content\/uploads\/2021\/03\/hrob2-1.jpg 600w, https:\/\/cisteniehrobovsaris.sk\/wp-content\/uploads\/2021\/03\/hrob2-1-300x200.jpg 300w\" sizes=\"auto, (max-width: 600px) 100vw, 600px\" \/><span aria-hidden=\"true\" class=\"wp-block-cover__background has-background-dim\"><\/span><div class=\"wp-block-cover__inner-container is-layout-flow wp-block-cover-is-layout-flow\">\n<p class=\"has-text-align-center has-large-font-size\"><\/p>\n<\/div><\/div>\n\n\n\n<hr class=\"wp-block-separator has-css-opacity\"\/>\n\n\n\n<h3 class=\"wp-block-heading has-text-align-center\">H\u013abkov\u00e9 \u010distenie a impregn\u00e1cia hrobu \u2013 ochrann\u00fd n\u00e1ter<br><\/h3>\n\n\n\n<p>Slu\u017eby na\u0161ej firmy s\u00fa vy\u010distenie hrobu alebo pomn\u00edka profesion\u00e1lnym vodn\u00fdm tlakov\u00fdm \u010disti\u010dom, ktor\u00fd je \u0161etrn\u00fd k pomn\u00edku a dok\u00e1\u017ee vy\u010disti\u0165 povrch kame\u0148a, ktor\u00fd je zni\u010den\u00fd od machov, li\u0161ajn\u00edkov, vosku, prachu, vta\u010d\u00edch v\u00fdtrusov a podobne. Tlak vody nepo\u0161kodzuje povrch \u010disten\u00e9ho hrobu ktor\u00fd mo\u017ee by\u0165 z mramoru, \u017euly alebo kame\u0148a a tak si mo\u017eete by\u0165 ist\u00fd \u017ee o v\u00e1\u0161 hrob, bude dokonal\u00e9 postaran\u00e9.Po vy\u010disten\u00ed hrobu je ve\u013emi d\u00f4le\u017eit\u00e9 dokonal\u00e9 osu\u0161enie a n\u00e1sledn\u00e1 impregn\u00e1cia povrchu bezfarebn\u00fdm vodou odpudzuj\u00facim impregna\u010dn\u00fdm prostriedkom (hydrofobiza\u010dn\u00fd prostriedok) na v\u0161etky druhy por\u00e9znych miner\u00e1lnych materi\u00e1lov. Zlep\u0161uje vzh\u013ead o\u0161etren\u00e9ho materi\u00e1lu, vytv\u00e1ra samo \u010distite\u013en\u00fd vodou odpudiv\u00fd povrch a zabra\u0148uje rastu machov a li\u0161ajn\u00edkov. \u0160pina sa nedost\u00e1va do h\u013abky materi\u00e1lu, zm\u00fdva sa da\u017e\u010fom. Zamedzuje praskaniu materi\u00e1lu p\u00f4soben\u00edm mrazu. Priepustn\u00fd pre vodn\u00fa paru (materi\u00e1l \u201cd\u00fdcha\u201d). Pou\u017e\u00edvam pr\u00edpravky Made in Germany. V\u00fdrobca ud\u00e1va 2 roky \u017eivotnos\u0165 ochrann\u00e9ho n\u00e1teru.<\/p>\n\n\n\n<hr class=\"wp-block-separator has-css-opacity\"\/>\n\n\n\n<h3 class=\"wp-block-heading has-text-align-center\"><br>Dosek\u00e1vanie p\u00edsma a  zlatenie textu.<\/h3>\n\n\n\n<p>Dosek\u00e1vanie p\u00edsma a textov priamo na cintor\u00edne ,vykon\u00e1vame pieskovan\u00edm . Grafika  textu sa vytv\u00e1ra  na po\u010d\u00edta\u010di,pod\u013ea p\u00f4vodn\u00e9ho textu a fotky  na pomn\u00edku a to zaru\u010duje max. podobnos\u0165 dosek\u00e1vaneho textu alebo \u010dislic. Na ma\u013ebu pon\u00fakame rozne farby ako -\u010diernu, strieborn\u00fa, zlat\u00fa  alebo 24 k platkove zlato. Farby s\u00fa od nemeck\u00fdch a franc\u00fazskych v\u00fdrobcov profi.<\/p>\n\n\n\n<hr class=\"wp-block-separator has-css-opacity\"\/>\n\n\n\n<div class=\"wp-block-group\"><div class=\"wp-block-group__inner-container is-layout-flow wp-block-group-is-layout-flow\">\n<h1 class=\"wp-block-heading\"><sub><strong>Rekon<span class=\"has-inline-color has-foreground-color\">\u0161trukcie pomn\u00edkov , v\u00fdroba a mont\u00e1\u017e n\u00e1hrobn\u00fdch doplnkov.<\/span><\/strong><\/sub><\/h1>\n<\/div><\/div>\n\n\n\n<div class=\"wp-block-group\"><div class=\"wp-block-group__inner-container is-layout-flow wp-block-group-is-layout-flow\">\n<p>Dlhoro\u010dn\u00e9 sk\u00fasenosti v technickom a stavebnom odbore zaru\u010duj\u00fa kvalitu pr\u00e1c. Vi\u010f foto.<\/p>\n\n\n\n<div style=\"height:500px\" aria-hidden=\"true\" class=\"wp-block-spacer\"><\/div>\n\n\n\n<h2 class=\"wp-block-heading\"><strong>V\u00fdstavba nov\u00fdch pomn\u00edkov. <\/strong>      <\/h2>\n\n\n\n<p>Pon\u00fakame aj v\u00fdstavbu nov\u00fdch pomn\u00edkov ak\u00e9ho ko\u013evek tvaru.  Pr\u00e1ce su preveden\u00e9 prec\u00edzne a o v\u0161etkom \u010do rob\u00edme v\u00e1s informujeme a posielame fotodokument\u00e1ciu.<\/p>\n<\/div><\/div>\n\n\n\n<div class=\"wp-block-group alignfull has-background\" style=\"background-color:#f5f5f5\"><div class=\"wp-block-group__inner-container is-layout-flow wp-block-group-is-layout-flow\">\n<div class=\"wp-block-columns is-layout-flex wp-container-core-columns-is-layout-9d6595d7 wp-block-columns-is-layout-flex\">\n<div class=\"wp-block-column is-layout-flow wp-block-column-is-layout-flow\">\n<h4 class=\"wp-block-heading\">O n\u00e1s<\/h4>\n\n\n\n<p>Poskytujeme kompletn\u00e9 slu\u017eby \u010distenia hrobov, dosek\u00e1vania p\u00edsma, ma\u013eba p\u00edsma, rekon\u0161trukciu hrobov, v\u00fdstavbu pomn\u00edkov predaj a mont\u00e1\u017e v\u0161etk\u00fdch hrobov\u00fdch doplnkov. Dlhoro\u010dn\u00e9 sk\u00fasenosti v technickom odbore, zaru\u010duje vysok\u00fa kvalitu pr\u00e1c. Pou\u017e\u00edvame preva\u017ene materi\u00e1ly od nemeck\u00fdch v\u00fdrobcov.<\/p>\n\n\n\n<div style=\"height:1px\" aria-hidden=\"true\" class=\"wp-block-spacer\"><\/div>\n\n\n\n<p><a href=\"http:\/\/cisteniehrobovsaris.sk\/index.php\/sluzby\/\">Viac o slu\u017eb\u00e1ch<\/a><\/p>\n<\/div>\n\n\n\n<div class=\"wp-block-column is-layout-flow wp-block-column-is-layout-flow\">\n<h4 class=\"wp-block-heading\">Kontakt<\/h4>\n\n\n\n<p>J\u00e1n Jech                                   Doliny  1454\/24\/A<br>Ve\u013ek\u00fd \u0160ari\u0161, 08221<br>cisteniehrobovj.j.s@gmail.com<br>0902 509 700<\/p>\n\n\n\n<p><a href=\"http:\/\/cisteniehrobovsaris.sk\/index.php\/kontakt\/\">Kontakt<\/a><\/p>\n<\/div>\n<\/div>\n\n\n\n<p><\/p>\n<\/div><\/div>\n","protected":false},"excerpt":{"rendered":"<p>H\u013abkov\u00e9 \u010distenie a impregn\u00e1cia hrobu \u2013 ochrann\u00fd n\u00e1ter Slu\u017eby na\u0161ej firmy s\u00fa vy\u010distenie hrobu alebo pomn\u00edka profesion\u00e1lnym vodn\u00fdm tlakov\u00fdm \u010disti\u010dom, ktor\u00fd je \u0161etrn\u00fd k pomn\u00edku a dok\u00e1\u017ee vy\u010disti\u0165 povrch kame\u0148a, ktor\u00fd je zni\u010den\u00fd od machov, li\u0161ajn\u00edkov, vosku, prachu, vta\u010d\u00edch v\u00fdtrusov a podobne. Tlak vody nepo\u0161kodzuje povrch \u010disten\u00e9ho hrobu ktor\u00fd mo\u017ee by\u0165 z mramoru, \u017euly alebo<a class=\"more-link\" href=\"https:\/\/cisteniehrobovsaris.sk\/index.php\/sluzby\/\">Continue reading <span class=\"screen-reader-text\">&#8222;Slu\u017eby&#8220;<\/span><\/a><\/p>\n","protected":false},"author":1,"featured_media":0,"parent":0,"menu_order":0,"comment_status":"closed","ping_status":"closed","template":"","meta":{"_monsterinsights_skip_tracking":false,"_monsterinsights_sitenote_active":false,"_monsterinsights_sitenote_note":"","_monsterinsights_sitenote_category":0,"footnotes":""},"class_list":["post-39","page","type-page","status-publish","hentry","entry"],"yoast_head":"<!-- This site is optimized with the Yoast SEO plugin v15.9.1 - https:\/\/yoast.com\/wordpress\/plugins\/seo\/ -->\n<title>Slu\u017eby - \u010cistenie a \u00fadr\u017eba hrobov<\/title>\n<link rel=\"canonical\" href=\"https:\/\/cisteniehrobovsaris.sk\/index.php\/sluzby\/\" \/>\n<meta property=\"og:locale\" content=\"sk_SK\" \/>\n<meta property=\"og:type\" content=\"article\" \/>\n<meta property=\"og:title\" content=\"Slu\u017eby - \u010cistenie a \u00fadr\u017eba hrobov\" \/>\n<meta property=\"og:description\" content=\"H\u013abkov\u00e9 \u010distenie a impregn\u00e1cia hrobu \u2013 ochrann\u00fd n\u00e1ter Slu\u017eby na\u0161ej firmy s\u00fa vy\u010distenie hrobu alebo pomn\u00edka profesion\u00e1lnym vodn\u00fdm tlakov\u00fdm \u010disti\u010dom, ktor\u00fd je \u0161etrn\u00fd k pomn\u00edku a dok\u00e1\u017ee vy\u010disti\u0165 povrch kame\u0148a, ktor\u00fd je zni\u010den\u00fd od machov, li\u0161ajn\u00edkov, vosku, prachu, vta\u010d\u00edch v\u00fdtrusov a podobne. Tlak vody nepo\u0161kodzuje povrch \u010disten\u00e9ho hrobu ktor\u00fd mo\u017ee by\u0165 z mramoru, \u017euly aleboContinue reading &quot;Slu\u017eby&quot;\" \/>\n<meta property=\"og:url\" content=\"https:\/\/cisteniehrobovsaris.sk\/index.php\/sluzby\/\" \/>\n<meta property=\"og:site_name\" content=\"\u010cistenie a \u00fadr\u017eba hrobov\" \/>\n<meta property=\"article:modified_time\" content=\"2026-01-27T17:18:14+00:00\" \/>\n<meta property=\"og:image\" content=\"http:\/\/cisteniehrobovsaris.sk\/wp-content\/uploads\/2021\/03\/hrob2-1.jpg\" \/>\n<meta name=\"twitter:card\" content=\"summary_large_image\" \/>\n<meta name=\"twitter:label1\" content=\"Predpokladan\u00fd \u010das \u010d\u00edtania\">\n\t<meta name=\"twitter:data1\" content=\"2 min\u00faty\">\n<script type=\"application\/ld+json\" class=\"yoast-schema-graph\">{\"@context\":\"https:\/\/schema.org\",\"@graph\":[{\"@type\":\"WebSite\",\"@id\":\"https:\/\/cisteniehrobovsaris.sk\/#website\",\"url\":\"https:\/\/cisteniehrobovsaris.sk\/\",\"name\":\"\\u010cistenie hrobov\",\"description\":\"\\u010cistenie hrobov J.J.\\u0160\",\"potentialAction\":[{\"@type\":\"SearchAction\",\"target\":\"https:\/\/cisteniehrobovsaris.sk\/?s={search_term_string}\",\"query-input\":\"required name=search_term_string\"}],\"inLanguage\":\"sk-SK\"},{\"@type\":\"ImageObject\",\"@id\":\"https:\/\/cisteniehrobovsaris.sk\/index.php\/sluzby\/#primaryimage\",\"inLanguage\":\"sk-SK\",\"url\":\"http:\/\/cisteniehrobovsaris.sk\/wp-content\/uploads\/2021\/03\/hrob2-1.jpg\"},{\"@type\":\"WebPage\",\"@id\":\"https:\/\/cisteniehrobovsaris.sk\/index.php\/sluzby\/#webpage\",\"url\":\"https:\/\/cisteniehrobovsaris.sk\/index.php\/sluzby\/\",\"name\":\"Slu\\u017eby - \\u010cistenie a \\u00fadr\\u017eba hrobov\",\"isPartOf\":{\"@id\":\"https:\/\/cisteniehrobovsaris.sk\/#website\"},\"primaryImageOfPage\":{\"@id\":\"https:\/\/cisteniehrobovsaris.sk\/index.php\/sluzby\/#primaryimage\"},\"datePublished\":\"2021-03-06T11:31:04+00:00\",\"dateModified\":\"2026-01-27T17:18:14+00:00\",\"breadcrumb\":{\"@id\":\"https:\/\/cisteniehrobovsaris.sk\/index.php\/sluzby\/#breadcrumb\"},\"inLanguage\":\"sk-SK\",\"potentialAction\":[{\"@type\":\"ReadAction\",\"target\":[\"https:\/\/cisteniehrobovsaris.sk\/index.php\/sluzby\/\"]}]},{\"@type\":\"BreadcrumbList\",\"@id\":\"https:\/\/cisteniehrobovsaris.sk\/index.php\/sluzby\/#breadcrumb\",\"itemListElement\":[{\"@type\":\"ListItem\",\"position\":1,\"item\":{\"@type\":\"WebPage\",\"@id\":\"https:\/\/cisteniehrobovsaris.sk\/\",\"url\":\"https:\/\/cisteniehrobovsaris.sk\/\",\"name\":\"Home\"}},{\"@type\":\"ListItem\",\"position\":2,\"item\":{\"@type\":\"WebPage\",\"@id\":\"https:\/\/cisteniehrobovsaris.sk\/index.php\/sluzby\/\",\"url\":\"https:\/\/cisteniehrobovsaris.sk\/index.php\/sluzby\/\",\"name\":\"Slu\\u017eby\"}}]}]}<\/script>\n<!-- \/ Yoast SEO plugin. -->","_links":{"self":[{"href":"https:\/\/cisteniehrobovsaris.sk\/index.php\/wp-json\/wp\/v2\/pages\/39","targetHints":{"allow":["GET"]}}],"collection":[{"href":"https:\/\/cisteniehrobovsaris.sk\/index.php\/wp-json\/wp\/v2\/pages"}],"about":[{"href":"https:\/\/cisteniehrobovsaris.sk\/index.php\/wp-json\/wp\/v2\/types\/page"}],"author":[{"embeddable":true,"href":"https:\/\/cisteniehrobovsaris.sk\/index.php\/wp-json\/wp\/v2\/users\/1"}],"replies":[{"embeddable":true,"href":"https:\/\/cisteniehrobovsaris.sk\/index.php\/wp-json\/wp\/v2\/comments?post=39"}],"version-history":[{"count":5,"href":"https:\/\/cisteniehrobovsaris.sk\/index.php\/wp-json\/wp\/v2\/pages\/39\/revisions"}],"predecessor-version":[{"id":412,"href":"https:\/\/cisteniehrobovsaris.sk\/index.php\/wp-json\/wp\/v2\/pages\/39\/revisions\/412"}],"wp:attachment":[{"href":"https:\/\/cisteniehrobovsaris.sk\/index.php\/wp-json\/wp\/v2\/media?parent=39"}],"curies":[{"name":"wp","href":"https:\/\/api.w.org\/{rel}","templated":true}]}}