{"id":25,"date":"2021-03-06T12:00:49","date_gmt":"2021-03-06T11:00:49","guid":{"rendered":"http:\/\/cisteniehrobovsaris.sk\/?page_id=25"},"modified":"2025-04-14T18:02:57","modified_gmt":"2025-04-14T16:02:57","slug":"domov","status":"publish","type":"page","link":"https:\/\/cisteniehrobovsaris.sk\/","title":{"rendered":"Domov"},"content":{"rendered":"\n<div class=\"wp-block-cover alignfull has-background-dim\"><img loading=\"lazy\" decoding=\"async\" width=\"1024\" height=\"683\" class=\"wp-block-cover__image-background wp-image-26\" alt=\"\" src=\"http:\/\/cisteniehrobovsaris.sk\/wp-content\/uploads\/2021\/03\/hrob-1024x683.jpg\" data-object-fit=\"cover\" srcset=\"https:\/\/cisteniehrobovsaris.sk\/wp-content\/uploads\/2021\/03\/hrob-1024x683.jpg 1024w, https:\/\/cisteniehrobovsaris.sk\/wp-content\/uploads\/2021\/03\/hrob-300x200.jpg 300w, https:\/\/cisteniehrobovsaris.sk\/wp-content\/uploads\/2021\/03\/hrob-768x512.jpg 768w, https:\/\/cisteniehrobovsaris.sk\/wp-content\/uploads\/2021\/03\/hrob.jpg 1500w\" sizes=\"auto, (max-width: 1024px) 100vw, 1024px\" \/><div class=\"wp-block-cover__inner-container is-layout-flow wp-block-cover-is-layout-flow\">\n<h2 class=\"has-text-align-center wp-block-heading\">\u010cistenie hrobov <br>dosek\u00e1vanie p\u00edsmen <br>prestavby pomn\u00edkov a obnova p\u00edsma.<\/h2>\n\n\n\n<p class=\"has-text-align-center has-large-font-size\">Na\u0161i bl\u00edzky, ktor\u00ed u\u017e nie s\u00fa medzi nami si zasl\u00fa\u017eia aby sme si ich uctili nie len v spomienkach, ale aj pekn\u00fdm a \u010dist\u00fdm miestom posledn\u00e9ho odpo\u010dinku.                      <\/p>\n<\/div><\/div>\n\n\n\n<div style=\"height:40px\" aria-hidden=\"true\" class=\"wp-block-spacer\"><\/div>\n\n\n\n<h3 class=\"has-text-align-center wp-block-heading\">Na\u0161e Slu\u017eby<\/h3>\n\n\n\n<p>Poskytujeme kompletn\u00e9 slu\u017eby od h\u013abkov\u00e9ho vy\u010distenia hrobu, impregn\u00e1ciu kame\u0148a,  dosekania d\u00e1tumu \u00famrtia ale aj textov, prestavby pomn\u00edkov, nov\u00e9 pomn\u00edky tabu\u013eky, hrobov\u00e9 doplnky a ma\u013ebu p\u00edsmen. <\/p>\n\n\n\n<div style=\"height:40px\" aria-hidden=\"true\" class=\"wp-block-spacer\"><\/div>\n\n\n\n<div class=\"wp-block-group alignfull has-background\" style=\"background-color:#f5f5f5\"><div class=\"wp-block-group__inner-container is-layout-flow wp-block-group-is-layout-flow\">\n<div class=\"wp-block-columns is-layout-flex wp-container-core-columns-is-layout-9d6595d7 wp-block-columns-is-layout-flex\">\n<div class=\"wp-block-column is-layout-flow wp-block-column-is-layout-flow\">\n<h4 class=\"wp-block-heading\">O n\u00e1s<\/h4>\n\n\n\n<p>Poskytujeme kompletn\u00e9 slu\u017eby \u010distenia hrobov, dosek\u00e1vania p\u00edsma, ma\u013eba p\u00edsma, rekon\u0161trukciu hrobov, v\u00fdstavbu pomn\u00edkov predaj a mont\u00e1\u017e v\u0161etk\u00fdch hrobov\u00fdch doplnkov. Dlhoro\u010dn\u00e9 sk\u00fasenosti v technickom odbore, zaru\u010duje vysok\u00fa kvalitu pr\u00e1c. Pou\u017e\u00edvame preva\u017ene materi\u00e1ly od nemeck\u00fdch v\u00fdrobcov.<\/p>\n\n\n\n<div style=\"height:1px\" aria-hidden=\"true\" class=\"wp-block-spacer\"><\/div>\n\n\n\n<p><a href=\"http:\/\/cisteniehrobovsaris.sk\/index.php\/sluzby\/\">Viac o slu\u017eb\u00e1ch<\/a><\/p>\n<\/div>\n\n\n\n<div class=\"wp-block-column is-layout-flow wp-block-column-is-layout-flow\">\n<h4 class=\"wp-block-heading\">Kontakt<\/h4>\n\n\n\n<p>J\u00e1n Jech                                   Doliny  1454\/24\/A<br>Ve\u013ek\u00fd \u0160ari\u0161, 08221<br>cisteniehrobovj.j.s@gmail.com<br>0902 509 700<\/p>\n\n\n\n<p><a href=\"http:\/\/cisteniehrobovsaris.sk\/index.php\/kontakt\/\">Kontakt<\/a><\/p>\n<\/div>\n<\/div>\n\n\n\n<p><\/p>\n<\/div><\/div>\n","protected":false},"excerpt":{"rendered":"<p>Na\u0161e Slu\u017eby Poskytujeme kompletn\u00e9 slu\u017eby od h\u013abkov\u00e9ho vy\u010distenia hrobu, impregn\u00e1ciu kame\u0148a, dosekania d\u00e1tumu \u00famrtia ale aj textov, prestavby pomn\u00edkov, nov\u00e9 pomn\u00edky tabu\u013eky, hrobov\u00e9 doplnky a ma\u013ebu p\u00edsmen.<\/p>\n","protected":false},"author":1,"featured_media":0,"parent":0,"menu_order":0,"comment_status":"closed","ping_status":"closed","template":"","meta":{"_monsterinsights_skip_tracking":false,"_monsterinsights_sitenote_active":false,"_monsterinsights_sitenote_note":"","_monsterinsights_sitenote_category":0,"footnotes":""},"class_list":["post-25","page","type-page","status-publish","hentry","entry"],"yoast_head":"<!-- This site is optimized with the Yoast SEO plugin v15.9.1 - https:\/\/yoast.com\/wordpress\/plugins\/seo\/ -->\n<title>\u010cistenie a \u00fadr\u017eba n\u00e1hrobn\u00fdch kame\u0148ov<\/title>\n<meta name=\"description\" content=\"Poskytujeme kompletn\u00e9 slu\u017eby od h\u013abkov\u00e9ho vy\u010distenia hrobu, impregn\u00e1ciu kame\u0148a, renov\u00e1ciu p\u00edsma, realiz\u00e1ciu obrubn\u00edka okolo hrobu z plastu alebo dreva, vysypanie plochy okrasn\u00fdm kame\u0148om alebo korou, pokosenie tr\u00e1vy, pozametanie hrobu, likvid\u00e1ciu star\u00fdch vencov a svie\u010dok.\" \/>\n<link rel=\"canonical\" href=\"https:\/\/cisteniehrobovsaris.sk\/\" \/>\n<meta property=\"og:locale\" content=\"sk_SK\" \/>\n<meta property=\"og:type\" content=\"article\" \/>\n<meta property=\"og:title\" content=\"\u010cistenie a \u00fadr\u017eba n\u00e1hrobn\u00fdch kame\u0148ov\" \/>\n<meta property=\"og:description\" content=\"Poskytujeme kompletn\u00e9 slu\u017eby od h\u013abkov\u00e9ho vy\u010distenia hrobu, impregn\u00e1ciu kame\u0148a, renov\u00e1ciu p\u00edsma, realiz\u00e1ciu obrubn\u00edka okolo hrobu z plastu alebo dreva, vysypanie plochy okrasn\u00fdm kame\u0148om alebo korou, pokosenie tr\u00e1vy, pozametanie hrobu, likvid\u00e1ciu star\u00fdch vencov a svie\u010dok.\" \/>\n<meta property=\"og:url\" content=\"https:\/\/cisteniehrobovsaris.sk\/\" \/>\n<meta property=\"og:site_name\" content=\"\u010cistenie a \u00fadr\u017eba hrobov\" \/>\n<meta property=\"article:modified_time\" content=\"2025-04-14T16:02:57+00:00\" \/>\n<meta property=\"og:image\" content=\"http:\/\/cisteniehrobovsaris.sk\/wp-content\/uploads\/2021\/03\/hrob-1024x683.jpg\" \/>\n<meta name=\"twitter:card\" content=\"summary_large_image\" \/>\n<meta name=\"twitter:label1\" content=\"Predpokladan\u00fd \u010das \u010d\u00edtania\">\n\t<meta name=\"twitter:data1\" content=\"1 min\u00fata\">\n<script type=\"application\/ld+json\" class=\"yoast-schema-graph\">{\"@context\":\"https:\/\/schema.org\",\"@graph\":[{\"@type\":\"WebSite\",\"@id\":\"https:\/\/cisteniehrobovsaris.sk\/#website\",\"url\":\"https:\/\/cisteniehrobovsaris.sk\/\",\"name\":\"\\u010cistenie hrobov\",\"description\":\"\\u010cistenie hrobov J.J.\\u0160\",\"potentialAction\":[{\"@type\":\"SearchAction\",\"target\":\"https:\/\/cisteniehrobovsaris.sk\/?s={search_term_string}\",\"query-input\":\"required name=search_term_string\"}],\"inLanguage\":\"sk-SK\"},{\"@type\":\"ImageObject\",\"@id\":\"https:\/\/cisteniehrobovsaris.sk\/#primaryimage\",\"inLanguage\":\"sk-SK\",\"url\":\"http:\/\/cisteniehrobovsaris.sk\/wp-content\/uploads\/2021\/03\/hrob-1024x683.jpg\"},{\"@type\":\"WebPage\",\"@id\":\"https:\/\/cisteniehrobovsaris.sk\/#webpage\",\"url\":\"https:\/\/cisteniehrobovsaris.sk\/\",\"name\":\"\\u010cistenie a \\u00fadr\\u017eba n\\u00e1hrobn\\u00fdch kame\\u0148ov\",\"isPartOf\":{\"@id\":\"https:\/\/cisteniehrobovsaris.sk\/#website\"},\"primaryImageOfPage\":{\"@id\":\"https:\/\/cisteniehrobovsaris.sk\/#primaryimage\"},\"datePublished\":\"2021-03-06T11:00:49+00:00\",\"dateModified\":\"2025-04-14T16:02:57+00:00\",\"description\":\"Poskytujeme kompletn\\u00e9 slu\\u017eby od h\\u013abkov\\u00e9ho vy\\u010distenia hrobu, impregn\\u00e1ciu kame\\u0148a, renov\\u00e1ciu p\\u00edsma, realiz\\u00e1ciu obrubn\\u00edka okolo hrobu z plastu alebo dreva, vysypanie plochy okrasn\\u00fdm kame\\u0148om alebo korou, pokosenie tr\\u00e1vy, pozametanie hrobu, likvid\\u00e1ciu star\\u00fdch vencov a svie\\u010dok.\",\"breadcrumb\":{\"@id\":\"https:\/\/cisteniehrobovsaris.sk\/#breadcrumb\"},\"inLanguage\":\"sk-SK\",\"potentialAction\":[{\"@type\":\"ReadAction\",\"target\":[\"https:\/\/cisteniehrobovsaris.sk\/\"]}]},{\"@type\":\"BreadcrumbList\",\"@id\":\"https:\/\/cisteniehrobovsaris.sk\/#breadcrumb\",\"itemListElement\":[{\"@type\":\"ListItem\",\"position\":1,\"item\":{\"@type\":\"WebPage\",\"@id\":\"https:\/\/cisteniehrobovsaris.sk\/\",\"url\":\"https:\/\/cisteniehrobovsaris.sk\/\",\"name\":\"Home\"}},{\"@type\":\"ListItem\",\"position\":2,\"item\":{\"@type\":\"WebPage\",\"@id\":\"https:\/\/cisteniehrobovsaris.sk\/\",\"url\":\"https:\/\/cisteniehrobovsaris.sk\/\",\"name\":\"Domov\"}}]}]}<\/script>\n<!-- \/ Yoast SEO plugin. -->","_links":{"self":[{"href":"https:\/\/cisteniehrobovsaris.sk\/index.php\/wp-json\/wp\/v2\/pages\/25","targetHints":{"allow":["GET"]}}],"collection":[{"href":"https:\/\/cisteniehrobovsaris.sk\/index.php\/wp-json\/wp\/v2\/pages"}],"about":[{"href":"https:\/\/cisteniehrobovsaris.sk\/index.php\/wp-json\/wp\/v2\/types\/page"}],"author":[{"embeddable":true,"href":"https:\/\/cisteniehrobovsaris.sk\/index.php\/wp-json\/wp\/v2\/users\/1"}],"replies":[{"embeddable":true,"href":"https:\/\/cisteniehrobovsaris.sk\/index.php\/wp-json\/wp\/v2\/comments?post=25"}],"version-history":[{"count":5,"href":"https:\/\/cisteniehrobovsaris.sk\/index.php\/wp-json\/wp\/v2\/pages\/25\/revisions"}],"predecessor-version":[{"id":359,"href":"https:\/\/cisteniehrobovsaris.sk\/index.php\/wp-json\/wp\/v2\/pages\/25\/revisions\/359"}],"wp:attachment":[{"href":"https:\/\/cisteniehrobovsaris.sk\/index.php\/wp-json\/wp\/v2\/media?parent=25"}],"curies":[{"name":"wp","href":"https:\/\/api.w.org\/{rel}","templated":true}]}}